{"id":84,"date":"2016-12-08T22:36:05","date_gmt":"2016-12-08T21:36:05","guid":{"rendered":"http:\/\/spargelhof-mahlstedt.de\/?page_id=84"},"modified":"2022-11-19T11:56:02","modified_gmt":"2022-11-19T10:56:02","slug":"schnittgruen","status":"publish","type":"page","link":"https:\/\/spargelhof-mahlstedt.de\/?page_id=84","title":{"rendered":"Schnittgr\u00fcn"},"content":{"rendered":"<p>Ab Mitte Oktober f\u00fcllt sich unser Spargelhaus mit Weihnachtsduft. Dann fangen wir n\u00e4mlich an, hier Zweige unserer vielf\u00e4ltigen Kulturen zu Schnittgr\u00fcn zu verarbeiten. Wir haben auf unserem Hof mehrere Tannenschonungen, in denen verschiedenste Sorten wachsen: Dufttanne (Grandis) Weymouthkiefer und Nobilistanne f\u00fcr Gestecke und nat\u00fcrlich viele Nordmanntannen als Weihnachtsb\u00e4ume.<\/p>\n","protected":false},"excerpt":{"rendered":"<p>Ab Mitte Oktober f\u00fcllt sich unser Spargelhaus mit Weihnachtsduft. Dann fangen wir n\u00e4mlich an, hier Zweige unserer vielf\u00e4ltigen Kulturen zu Schnittgr\u00fcn zu verarbeiten. Wir haben auf unserem Hof mehrere Tannenschonungen, in denen verschiedenste Sorten wachsen: Dufttanne (Grandis) Weymouthkiefer und Nobilistanne f\u00fcr Gestecke und nat\u00fcrlich viele Nordmanntannen als Weihnachtsb\u00e4ume.<\/p>\n","protected":false},"author":1,"featured_media":0,"parent":0,"menu_order":1,"comment_status":"closed","ping_status":"closed","template":"","meta":{"footnotes":""},"class_list":["post-84","page","type-page","status-publish","hentry"],"_links":{"self":[{"href":"https:\/\/spargelhof-mahlstedt.de\/index.php?rest_route=\/wp\/v2\/pages\/84","targetHints":{"allow":["GET"]}}],"collection":[{"href":"https:\/\/spargelhof-mahlstedt.de\/index.php?rest_route=\/wp\/v2\/pages"}],"about":[{"href":"https:\/\/spargelhof-mahlstedt.de\/index.php?rest_route=\/wp\/v2\/types\/page"}],"author":[{"embeddable":true,"href":"https:\/\/spargelhof-mahlstedt.de\/index.php?rest_route=\/wp\/v2\/users\/1"}],"replies":[{"embeddable":true,"href":"https:\/\/spargelhof-mahlstedt.de\/index.php?rest_route=%2Fwp%2Fv2%2Fcomments&post=84"}],"version-history":[{"count":1,"href":"https:\/\/spargelhof-mahlstedt.de\/index.php?rest_route=\/wp\/v2\/pages\/84\/revisions"}],"predecessor-version":[{"id":85,"href":"https:\/\/spargelhof-mahlstedt.de\/index.php?rest_route=\/wp\/v2\/pages\/84\/revisions\/85"}],"wp:attachment":[{"href":"https:\/\/spargelhof-mahlstedt.de\/index.php?rest_route=%2Fwp%2Fv2%2Fmedia&parent=84"}],"curies":[{"name":"wp","href":"https:\/\/api.w.org\/{rel}","templated":true}]}}