{"id":197,"date":"2019-04-14T15:12:07","date_gmt":"2019-04-14T14:12:07","guid":{"rendered":"http:\/\/spargelhof-mahlstedt.de\/?page_id=197"},"modified":"2024-11-17T20:53:34","modified_gmt":"2024-11-17T19:53:34","slug":"unser-hofladen","status":"publish","type":"page","link":"https:\/\/spargelhof-mahlstedt.de\/?page_id=197","title":{"rendered":"Unser Hofladen"},"content":{"rendered":"<p><img loading=\"lazy\" decoding=\"async\" class=\"alignnone size-large wp-image-198\" src=\"https:\/\/spargelhof-mahlstedt.de\/wp-content\/uploads\/2019\/04\/20190414_1547341-1024x1024.jpg\" alt=\"20190414_154734[1]\" width=\"640\" height=\"640\" srcset=\"https:\/\/spargelhof-mahlstedt.de\/wp-content\/uploads\/2019\/04\/20190414_1547341-1024x1024.jpg 1024w, https:\/\/spargelhof-mahlstedt.de\/wp-content\/uploads\/2019\/04\/20190414_1547341-150x150.jpg 150w, https:\/\/spargelhof-mahlstedt.de\/wp-content\/uploads\/2019\/04\/20190414_1547341-300x300.jpg 300w, https:\/\/spargelhof-mahlstedt.de\/wp-content\/uploads\/2019\/04\/20190414_1547341-768x768.jpg 768w, https:\/\/spargelhof-mahlstedt.de\/wp-content\/uploads\/2019\/04\/20190414_1547341-270x270.jpg 270w\" sizes=\"auto, (max-width: 640px) 100vw, 640px\" \/><\/p>\n<p>Der kleine Laden auf unserem Hof in Holzhausen ist in das sogenannte Spargelhaus &#8211; unser \u00e4ltestes Geb\u00e4ude &#8211;\u00a0 integriert. Es war die Schaltzentrale des Spargelbetriebs w\u00e4hrend der Saison.<\/p>\n<p>Hier haben wir den Spargel gewaschen und sortiert und M\u00e4rkte und Bestellungen vorbereitet sowie die frische Ware an die Endverbraucher vor Ort verkauft.<\/p>\n<p>Nach Ende unseres Spargelanbaus dient das H\u00e4uschen nun vor allem als Gl\u00fchwein-, Punsch- und Waffelzentrale w\u00e4hrend der Tannenbaumzeit.<\/p>\n","protected":false},"excerpt":{"rendered":"<p>Der kleine Laden auf unserem Hof in Holzhausen ist in das sogenannte Spargelhaus &#8211; unser \u00e4ltestes Geb\u00e4ude &#8211;\u00a0 integriert. Es war die Schaltzentrale des Spargelbetriebs w\u00e4hrend der Saison. Hier haben wir den Spargel gewaschen und sortiert und M\u00e4rkte und Bestellungen vorbereitet sowie die frische Ware an die Endverbraucher vor Ort verkauft. Nach Ende unseres Spargelanbaus [&hellip;]<\/p>\n","protected":false},"author":1,"featured_media":0,"parent":0,"menu_order":0,"comment_status":"closed","ping_status":"closed","template":"","meta":{"footnotes":""},"class_list":["post-197","page","type-page","status-publish","hentry"],"_links":{"self":[{"href":"https:\/\/spargelhof-mahlstedt.de\/index.php?rest_route=\/wp\/v2\/pages\/197","targetHints":{"allow":["GET"]}}],"collection":[{"href":"https:\/\/spargelhof-mahlstedt.de\/index.php?rest_route=\/wp\/v2\/pages"}],"about":[{"href":"https:\/\/spargelhof-mahlstedt.de\/index.php?rest_route=\/wp\/v2\/types\/page"}],"author":[{"embeddable":true,"href":"https:\/\/spargelhof-mahlstedt.de\/index.php?rest_route=\/wp\/v2\/users\/1"}],"replies":[{"embeddable":true,"href":"https:\/\/spargelhof-mahlstedt.de\/index.php?rest_route=%2Fwp%2Fv2%2Fcomments&post=197"}],"version-history":[{"count":5,"href":"https:\/\/spargelhof-mahlstedt.de\/index.php?rest_route=\/wp\/v2\/pages\/197\/revisions"}],"predecessor-version":[{"id":720,"href":"https:\/\/spargelhof-mahlstedt.de\/index.php?rest_route=\/wp\/v2\/pages\/197\/revisions\/720"}],"wp:attachment":[{"href":"https:\/\/spargelhof-mahlstedt.de\/index.php?rest_route=%2Fwp%2Fv2%2Fmedia&parent=197"}],"curies":[{"name":"wp","href":"https:\/\/api.w.org\/{rel}","templated":true}]}}